{"id":282,"date":"2021-11-30T20:12:08","date_gmt":"2021-11-30T19:12:08","guid":{"rendered":"https:\/\/prodigi.cat\/?page_id=282"},"modified":"2022-04-02T09:52:44","modified_gmt":"2022-04-02T08:52:44","slug":"inicio","status":"publish","type":"page","link":"https:\/\/prodigi.cat\/ca\/","title":{"rendered":"Inici"},"content":{"rendered":"<p>[et_pb_section fb_built=&quot;1&quot; custom_padding_last_edited=&quot;on|tablet&quot; _builder_version=&quot;4.14.1&quot; _module_preset=&quot;default&quot; custom_padding_tablet=&quot;0px||0px||false|false&quot; custom_pad| false\u00bb global_colors_info=\u00bb{}\u00bb][\/et_pb_section][et_pb_section fb_built=\u00bb1\u2033 fullwidth=\u00bbon\u00bb _builder_version=\u00bb4.14.2\u2033 _module_preset=\u00bbdefault\u00bb global_colors_info=\u00bb__d_e \u00bb _builder_version=&quot;4.14.2&quot; _module_preset=&quot;default&quot; min_height=&quot;460px&quot; height=&quot;460px&quot; max_height=&quot;460px&quot; =\u00bbdefault\u00bb header_font=\u00bbHandwriting||||||||\u00bb header_font_size=&quot;45px&quot; header_line_height=&quot;52px&quot; body_font=&quot;Hoefler|||||||||&quot; body_font_size=\u00bb20px\u00bb body_line_height=\u00bb24px\u00bb background_image=\u00bbhttps:\/\/prodigi.cat\/wp-content\/uploads\/2021\/11\/home.png\u00bb background_enable_image=\u00bbon\u00bb custom_padding=\u00bb||||false|false \u00bb global_colors_info=\u00bb{}\u00bb sticky_transition=\u00bbon\u00bb]<\/p>\n<p><span>\u201c like a honeycomb<\/span><br \/><span>where the essence is \u201d<\/span><\/p>\n<p>[\/et_pb_slide][et_pb_slide heading=\u00bbEl nostre celler\u00bb button_link=\u00bbhttps:\/\/prodigi.cat\/la nostra-celler\/\u00bb _builder_version=\u00bb4.14.2\u2033 _module_preset=\u00bbdefault\u00bb header_font=\u00bbHandwriting|| ||\u00bb header_font_size=&quot;45px&quot; header_line_height=&quot;52px&quot; body_font=&quot;Hoefler|||||||||&quot; body_font_size=&quot;20px&quot; body_line_height=&quot;24px&quot; background_image=&quot;https:\/\/prodigi.cat\/wp-content\/uploads\/2021\/11\/celler-02.png\u00bb background_enable_image=\u00bbon\u00bb custom_padding=\u00bb||||false |false\u00bb global_colors_info=\u00bb{}\u00bb sticky_transition=\u00bbon\u00bb]<\/p>\n<p><span>\u201c like a honeycomb<\/span><br \/><span>where the essence is \u201d<\/span><\/p>\n<p>[\/et_pb_slide][et_pb_slide heading=\u00bbVols provar-ho?\u00bb button_link=\u00bbhttps:\/\/prodigi.cat\/quieres-probarlo\/\u00bb _builder_version=\u00bb4.14.2\u2033 _module_preset=\u00bbdefault\u00bb header_font=\u00bbHandwriting|||||||||\u00bb header_font_size=&quot;45px&quot; header_line_height=&quot;52px&quot; body_font=&quot;Hoefler|||||||||&quot; body_font_size=&quot;20px&quot; body_line_height=&quot;24px&quot; background_image=&quot;https:\/\/prodigi.cat\/wp-content\/uploads\/2021\/11\/reserva-02.png\u00bb background_enable_image=\u00bbon\u00bb custom_padding=\u00bb||||false |false\u00bb global_colors_info=\u00bb{}\u00bb sticky_transition=\u00bbon\u00bb]<\/p>\n<p><span>\u201c like a honeycomb<\/span><br \/><span>where the essence is \u201d<\/span><\/p>\n<p>[\/et_pb_slide][et_pb_slide heading=\u00bbOn som?\u00bb button_link=\u00bbhttps:\/\/prodigi.cat\/on-estem\/\u00bb _builder_version=\u00bb4.14.2\u2033 _module_preset=\u00bbdefault\u00bb header_font=\u00bbHandwriting|||||||||\u00bb header_font_size=&quot;45px&quot; header_line_height=&quot;52px&quot; body_font=&quot;Hoefler|||||||||&quot; body_font_size=&quot;20px&quot; body_line_height=&quot;24px&quot; background_image=&quot;https:\/\/prodigi.cat\/wp-content\/uploads\/2021\/11\/contacte-02.png\u00bb background_enable_image=\u00bbon\u00bb custom_padding=\u00bb||||false |false\u00bb global_colors_info=\u00bb{}\u00bb sticky_transition=\u00bbon\u00bb]<\/p>\n<p><span>\u201c like a honeycomb<\/span><br \/><span>where the essence is \u201d<\/span><\/p>\n<p>[\/et_pb_slide][et_pb_slide heading=\u00bbregala men\u00fa degustaci\u00f3\u00bb button_link=\u00bbhttps:\/\/prodigi.cat\/haz-un-regalo\/\u00bb _builder_version=\u00bb4.14.2\u2033 _module_preset=\u00bbdefault\u00bb header_font=\u00bbHandwriting |||||\u00bb header_font_size=&quot;45px&quot; header_line_height=&quot;52px&quot; body_font=&quot;Hoefler|||||||||&quot; body_font_size=&quot;20px&quot; body_line_height=&quot;24px&quot; background_image=&quot;https:\/\/prodigi.cat\/wp-content\/uploads\/2021\/12\/IMG_8472.jpg&quot; background_enable_image=&quot;on&quot; custom_padding=\u00bb||||false|false \u00bb global_colors_info=\u00bb{}\u00bb sticky_transition=\u00bbon\u00bb]<\/p>\n<p><span>Podr\u00e0s escollir el nombre de men\u00fas degustaci\u00f3 que vulguis regalar.<\/span><br \/><span>El maridatge de vins \u00e9s opcional, nosaltres ho recomanem.<\/span><br \/><span>Aquest men\u00fa varia cada temporada.<\/span><\/p>\n<p>[\/et_pb_slide][\/et_pb_fullwidth_slider][\/et_pb_section]<\/p>","protected":false},"excerpt":{"rendered":"<p>\u201clike a honeycombwhere the essence is \u201d\u201c like a honeycombwhere the essence is \u201d\u201c like a honeycombwhere the essence is \u201d\u201c like a honeycombwhere the essence is \u201dPodr\u00e0s escollir el nombre de men\u00fas degustaci\u00f3 que vulguis regalar.El maridatge de vi. nosaltres ho recomanem. Aquest men\u00fa varia cada temporada.<\/p>","protected":false},"author":1,"featured_media":0,"parent":0,"menu_order":0,"comment_status":"closed","ping_status":"closed","template":"","meta":{"_et_pb_use_builder":"on","_et_pb_old_content":"","_et_gb_content_width":""},"acf":[],"_links":{"self":[{"href":"https:\/\/prodigi.cat\/ca\/wp-json\/wp\/v2\/pages\/282"}],"collection":[{"href":"https:\/\/prodigi.cat\/ca\/wp-json\/wp\/v2\/pages"}],"about":[{"href":"https:\/\/prodigi.cat\/ca\/wp-json\/wp\/v2\/types\/page"}],"author":[{"embeddable":true,"href":"https:\/\/prodigi.cat\/ca\/wp-json\/wp\/v2\/users\/1"}],"replies":[{"embeddable":true,"href":"https:\/\/prodigi.cat\/ca\/wp-json\/wp\/v2\/comments?post=282"}],"version-history":[{"count":10,"href":"https:\/\/prodigi.cat\/ca\/wp-json\/wp\/v2\/pages\/282\/revisions"}],"predecessor-version":[{"id":518,"href":"https:\/\/prodigi.cat\/ca\/wp-json\/wp\/v2\/pages\/282\/revisions\/518"}],"wp:attachment":[{"href":"https:\/\/prodigi.cat\/ca\/wp-json\/wp\/v2\/media?parent=282"}],"curies":[{"name":"wp","href":"https:\/\/api.w.org\/{rel}","templated":true}]}}