{"id":36,"date":"2021-11-29T09:21:41","date_gmt":"2021-11-29T08:21:41","guid":{"rendered":"https:\/\/prodigi.cat\/?page_id=36"},"modified":"2026-03-10T18:15:29","modified_gmt":"2026-03-10T17:15:29","slug":"que-se-esta-cocinando","status":"publish","type":"page","link":"https:\/\/prodigi.cat\/ca\/que-sesta-cuinant\/","title":{"rendered":"qu\u00e8 s\u2019est\u00e0 cuinant?"},"content":{"rendered":"<p>[et_pb_section fb_built=&quot;1&quot; fullwidth=&quot;on&quot; _builder_version=&quot;4.14.1&quot; _module_preset=&quot;default&quot; global_colors_info=&quot;{}&quot;][\/et_pb_section][et_pb_section fb_built=&quot;1&quot; _builder_version=&quot;4.14.1&quot; _module_preset=&quot;default&quot; custom_margin=&quot;||||false|false&quot; custom_margin_tablet=&quot;0px||0px||false|false&quot; custom_margin_phone=&quot;0px||0px||false| custom_margin_last_edited=&quot;on|tablet&quot; custom_padding_tablet=&quot;0px||0px||false|false&quot; custom_padding_phone=&quot;0px||0px||false|false&quot; global_colors_info=\u00bb{}\u00bb][et_pb_row\u00bb custom_padding _builder_version=&quot;4.14.1&quot; _module_preset=&quot;default&quot; width=&quot;100%&quot; max_width=&quot;100%&quot; custom_margin_tablet=&quot;0px||0px||false|false&quot; custom_margin_phone=&quot;0&quot; custom_margin_last_edited=&quot;on|tablet&quot; custom_padding_tablet=&quot;0px||0px||false|false&quot; custom_padding_phone=&quot;0px||0px||false|false&quot; global_colors_info=\u00bb{}\u00bb][et_pb_column type=\u00bb4_4 4.14.1\u2033 _module_preset=&quot;default&quot; global_colors_info=&quot;{}&quot;][et_pb_wptools_image_carousel slidestoshow=&quot;3&quot; _builder_version=&quot;4.14.7&quot; _module_preset=&quot;default&quot; global_colors_info=&quot;{_&quot; src=\u00bbhttps:\/\/prodigi.cat\/wp-content\/uploads\/2024\/11\/187PROGIDI21AGOST_HD-scaled.jpg\u00bb _builder_version=\u00bb4.14.7\u2033 _module_preset=\u00bbdefault\u00bb global_colors_info=\u00bb{}\u00bb][\/et_pb_wptools_carousel_image_item][et_pb_wptools_carousel_image_item src=\u00bbhttps:\/\/prodigi.cat\/wp-content\/uploads\/2023\/10\/DSC07134-scaled.jpg\u00bb. _module_preset=\u00bbdefault\u00bb global_colors_info=\u00bb{}\u00bb][\/et_pb_wptools_carousel_image_item][et_pb_wptools_carousel_image_item src=\u00bbhttps:\/\/prodigi.cat\/wp-content\/uploads\/2023\/10\/DSC _builder_version=\u00bb4.14.7\u2033 _module_preset=\u00bbdefault\u00bb global_colors_info=\u00bb{}\u00bb][\/et_pb_wptools_carousel_image_item][et_pb_wptools_carousel_image_item src=\u00bbhttps:\/\/prodigi.cat\/wp-content\/uploads\/2023\/10\/DSC07002-scaled.jpg\u00bb _builder_version=\u00bb4.14.7\u2033 _module_preset=\u00bbdefault\u00bb global_colors_info=\u00bb{}\u00bb][\/et_pb_wptools_carousel_image_item][et_pb_wptools_carousel_image_item src=\u00bbhttps:\/\/prodigi.cat\/wp-content\/uploads\/2023\/10\/DSC07313-Enhanced-NR-s _builder_version=\u00bb4.14.7\u2033 _module_preset=\u00bbdefault\u00bb global_colors_info=\u00bb{}\u00bb][\/et_pb_wptools_carousel_image_item][et_pb_wptools_carousel_image_item src=\u00bbhttps:\/\/prodigi.cat\/wp-content\/uploads\/2023\/10\/DSC07162-Enhanced-NR-scaled.jpg\u00bb _builder_version=\u00bb4.14.7\u2033 _module_preset=\u00bbdefault\u00bb global_colors_info=\u00bb{}\u00bb][\/et_pb_wptools_carousel_image_item][et_pb_wptools_carousel_image_item src=\u00bbhttps:\/\/prodigi.cat\/wp-content\/uploads\/2023\/10\/DSC07036-scaled.jpg\u00bb. _module_preset=\u00bbdefault\u00bb global_colors_info=\u00bb{}\u00bb][\/et_pb_wptools_carousel_image_item][et_pb_wptools_carousel_image_item src=\u00bbhttps:\/\/prodigi.cat\/wp-content\/uploads\/2023\/10\/DSC _builder_version=\u00bb4.14.7\u2033 _module_preset=\u00bbdefault\u00bb global_colors_info=\u00bb{}\u00bb][\/et_pb_wptools_carousel_image_item][et_pb_wptools_carousel_image_item src=\u00bbhttps:\/\/prodigi.cat\/wp-content\/uploads\/2023\/10\/DSC07172-Enhanced-NR-scaled.jpg\u00bb _builder_version=\u00bb4.14.7\u2033 _module_preset=\u00bbdefault\u00bb global_colors_info=\u00bb{}\u00bb][\/et_pb_wptools_carousel_image_item][\/et_pb_wptools_image_carousel][\/et_pb_column][\/et_pb_row][\/et_pb_section][et_pb_section fb_built=\u00bb1\u2033 _builder_version=&quot;4.14.1&quot; _module_preset=&quot;default&quot; custom_margin_tablet=&quot;0px||0px||false|false&quot; custom_margin_phone=&quot;0px||0px||false|false&quot; custom_margin_last_edited=\u00bbon| custom_padding_tablet=&quot;0px||0px||false|false&quot; custom_padding_phone=&quot;0px||0px||false|false&quot; global_colors_info=\u00bb{}\u00bb][et_pb_row custom_padding_last_edited=\u00bbon|tablet\u00bb _builder_version. _module_preset=&quot;default&quot; width=&quot;95%&quot; max_width=&quot;800px&quot; custom_margin_tablet=&quot;0px||0px||false|false&quot; custom_margin_phone=&quot;0px||0px||false|false&quot; custom_mar custom_padding=\u00bb|0px||||\u00bb custom_padding_tablet=&quot;0px||0px||false|false&quot; custom_padding_phone=&quot;0px||0px||false|false&quot; global_colors_info=\u00bb{}\u00bb][et_pb_column type=\u00bb4_4\u2033 _builder_version=\u00bb4.14.1\u2033 default\u00bb global_colors_info=\u00bb{}\u00bb][et_pb_text _builder_version=\u00bb4.14.1\u2033 _module_preset=\u00bbdefault\u00bb text_font=\u00bbHandwriting|||||||||\u00bb text_font_size=&quot;45px&quot; text_line_height=&quot;52px&quot; text_orientation=&quot;center&quot; custom_margin=&quot;90px||||false|false&quot; custom_margin_tablet=&quot;30px||||false|false&quot; custom_margin_phone=&quot;30px| \u00bb custom_margin_last_edited=\u00bbon|tablet\u00bb global_colors_info=\u00bb{}\u00bb]<\/p>\n<p>carta<\/p>\n<p>[\/et_pb_text][et_pb_text _builder_version=\u00bb4.14.1\u2033 _module_preset=\u00bbdefault\u00bb text_font=\u00bbHoefler||||||||\u00bb text_font_size=&quot;20px&quot; text_line_height=&quot;25px&quot; text_orientation=&quot;center&quot; custom_margin=&quot;25px||||false|false&quot; global_colors_info=\u00bb{}\u00bb]<\/p>\n<p>\u201c there is no modernity<br \/>without a good tradition \u201d<\/p>\n<p>[\/et_pb_text][et_pb_text _builder_version=\u00bb4.14.2\u2033 _module_preset=\u00bbdefault\u00bb text_font=\u00bbFuturaMedium||||||||\u00bb text_font_size=&quot;16px&quot; text_orientation=&quot;center&quot; custom_margin=&quot;52px||0px||false|false&quot; global_colors_info=\u00bb{}\u00bb]<\/p>\n<p>MEN\u00da DEGUSTACI\u00d3<\/p>\n<p>[\/et_pb_text][et_pb_text _builder_version=\u00bb4.14.7\u2033 _module_preset=\u00bbdefault\u00bb text_font=\u00bbHoefler||||||||\u00bb text_font_size=&quot;10px&quot; text_line_height=&quot;16px&quot; text_orientation=&quot;center&quot; custom_margin=&quot;0px||20px||false|false&quot; custom_padding=&quot;0px||0px||false|false&quot; global_colors_info=\u00bb{}\u00bb]<\/p>\n<p>Els productes de temporada estan subjectes a canvi segons el mercat i la temporalitat.<br \/>A petici\u00f3 del comensal es pot adaptar el men\u00fa per al\u00b7l\u00e8rgies, intoler\u00e0ncies o prefer\u00e8ncies personals.<\/p>\n<p>&nbsp;<\/p>\n<p>[\/et_pb_text][et_pb_text _builder_version=\u00bb4.14.7\u2033 _module_preset=\u00bbdefault\u00bb text_font=\u00bbFuturaLight||||||||\u00bb text_line_height=&quot;18px&quot; text_orientation=&quot;center&quot; custom_margin=&quot;0px||20px||false|false&quot; custom_padding=&quot;0px||0px||false|false&quot; hover_enabled=&quot;0&quot; global_colors_info=&quot;{}&quot; sticky_enable 0\u2033]<\/p>\n<p>\u00abXurros amb xocolata\u00bb.<\/p>\n<p>Clo\u00efsses a l&#039;olor\u00f3s amb crem\u00f3s de topinambur, cal\u00e7ots escabetxats i zumaque.<\/p>\n<p>Crem\u00f3s de pollastre amb pell cruixent, pera, mostassa adobada i ponzu.<\/p>\n<p>Degustaci\u00f3 de pa, oli i mantega.<\/p>\n<p>&#8212;&#8212;&#8212;&#8212;&#8212;&#8212;&#8212;&#8212;&#8212;&#8212;&#8212;&#8212;&#8212;&#8212;&#8212;&#8212;&#8212;&#8212;&#8212;&#8212;&#8212;&#8212;<\/p>\n<p>Arr\u00f2s mel\u00f3s de calamar i sobrassada amb l\u00e0mines de calamar i llima, emulsi\u00f3 de wasabi i brots marins.<\/p>\n<p>Faves repelades amb burrata, velout\u00e9 de caf\u00e8 i emulsi\u00f3 acidulada.<\/p>\n<p>Moll brasejat amb emulsi\u00f3 de bullabesa, col de Brussel\u00b7les, coco adobat i aranja Thai.<\/p>\n<p>Colom\u00ed tandoori masala amb m\u00fargoles a la crema, crem\u00f3s de moniato torrat, gel de c\u00farcuma i tamarinde.<br \/>&#8212;&#8212;&#8212;&#8212;&#8212;&#8212;&#8212;&#8212;&#8212;&#8212;&#8212;&#8212;&#8212;&#8212;&#8212;&#8212;&#8212;&#8212;&#8212;&#8212;&#8212;&#8212;<\/p>\n<p>Sorbet de magrana amb ganache de pebre rosa i airejat de llima kafir, acompanyat de fulla d'ostra i tapioca de llet de coco.<\/p>\n<p>Gelat \u00abbals\u00e0mic\u00bb amb crem\u00f3s de xocolata 72%, flam de te Cashmir, prunes a l&#039;amontillat i cacau.<\/p>\n<p>Petit-fours.<\/p>\n<p>[\/et_pb_text][et_pb_text _builder_version=\u00bb4.14.7\u2033 _module_preset=\u00bbdefault\u00bb text_font=\u00bbFuturaLight||||||||\u00bb text_font_size=&quot;12px&quot; text_line_height=&quot;16px&quot; text_orientation=&quot;center&quot; custom_margin=&quot;||55px||false|false&quot; global_colors_info=\u00bb{}\u00bb]<\/p>\n<p><strong>Preu del men\u00fa: 95\u20ac<\/strong><br \/><strong>Preu del maridatge de vins: 45\u20ac<\/strong><\/p>\n<p>[\/et_pb_text][et_pb_text _builder_version=\u00bb4.14.7\u2033 _module_preset=\u00bbdefault\u00bb text_font=\u00bbFuturaMedium||||||||\u00bb text_font_size=&quot;16px&quot; text_orientation=&quot;center&quot; custom_margin=&quot;0px||0px||false|false&quot; global_colors_info=\u00bb{}\u00bb]<\/p>\n<p>MEN\u00da MIGDIA<\/p>\n<p>[\/et_pb_text][et_pb_text _builder_version=\u00bb4.14.7\u2033 _module_preset=\u00bbdefault\u00bb text_font=\u00bbHoefler||||||||\u00bb text_font_size=&quot;10px&quot; text_line_height=&quot;16px&quot; text_orientation=&quot;center&quot; custom_margin=&quot;0px||20px||false|false&quot; custom_padding=&quot;0px||0px||false|false&quot; global_colors_info=\u00bb{}\u00bb]<\/p>\n<p>migdia de dimarts a divendres, no festius.<br \/>Pot variar algun plat segons disponibilitat al mercat.<\/p>\n<p>[\/et_pb_text][et_pb_text _builder_version=\u00bb4.14.7\u2033 _module_preset=\u00bbdefault\u00bb text_font=\u00bbFuturaLight||||||||\u00bb text_line_height=&quot;18px&quot; text_orientation=&quot;center&quot; custom_margin=&quot;0px||20px||false|false&quot; custom_padding=&quot;0px||0px||false|false&quot; global_colors_info=\u00bb{}\u00bb]<strong>ENTRANTS<\/strong><\/p>\n<p>Crem\u00f3s de pollastre amb pell cruixent, pera, mostassa adobada i ponzu.<\/p>\n<p>Degustaci\u00f3 de pa, oli i mantega.<br \/>\n&#8212;&#8212;&#8212;&#8212;&#8212;&#8212;&#8212;&#8212;&#8212;&#8212;&#8212;&#8212;&#8212;&#8212;&#8212;&#8212;&#8212;&#8212;&#8212;&#8212;&#8212;&#8212;<\/p>\n<p><strong>PRIMERS<\/strong>\u00a0(1 a escollir)<\/p>\n<p>Or\u00e7 crem\u00f3s amb papada ib\u00e8rica, p\u00e8sols brasejats i llimona.<\/p>\n<p>o<\/p>\n<p>Crema de topinambur amb verat brasejat, cal\u00e7ots escabetxats i vainilla.<\/p>\n<p>&#8212;&#8212;&#8212;&#8212;&#8212;&#8212;&#8212;&#8212;&#8212;&#8212;&#8212;&#8212;&#8212;&#8212;&#8212;&#8212;&#8212;&#8212;&#8212;&#8212;&#8212;&#8212;<br \/>\n<strong>SEGONS <\/strong>(1 a escollir)<\/p>\n<p>Galantina de pollastre de pag\u00e8s amb crem\u00f3s d&#039;apionabo, demi-glace de pollastre, cols de Brussel\u00b7les i trompetes de la mort escabetxades.<\/p>\n<p>(opci\u00f3 a canvi per filet de vedella amb suplement +10\u20ac)<\/p>\n<p>o<\/p>\n<p>Bacall\u00e0 confitat amb mussolina d'all negre, crem\u00f3s de xirivia, carxofes fregides en tempura i xiitakes glacejats.<\/p>\n<p>&#8212;&#8212;&#8212;&#8212;&#8212;&#8212;&#8212;&#8212;&#8212;&#8212;&#8212;&#8212;&#8212;&#8212;&#8212;&#8212;&#8212;&#8212;&#8212;&#8212;&#8212;&#8212;<\/p>\n<p><strong>POSTRES<\/strong><\/p>\n<p>Mousse de xocolata amb magrana fresca, ganache de fava tonka i sorbet de magrana.<\/p>\n<p>&nbsp;[\/et_pb_text][et_pb_text _builder_version=\u00bb4.14.7\u2033 _module_preset=\u00bbdefault\u00bb text_font=\u00bbFuturaLight||||||||\u00bb text_font_size=&quot;12px&quot; text_line_height=&quot;16px&quot; text_orientation=&quot;center&quot; custom_margin=&quot;||70px||false|false&quot; global_colors_info=\u00bb{}\u00bb]<\/p>\n<p><strong>Preu: 45\u20ac (beguda no inclosa)<\/strong><\/p>\n<p>[\/et_pb_text][et_pb_text _builder_version=\u00bb4.14.7&#8243; _module_preset=\u00bbdefault\u00bb text_font=\u00bbFuturaMedium||||||||\u00bb text_font_size=\u00bb18px\u00bb text_orientation=\u00bbcenter\u00bb custom_margin=\u00bb||25px||false|false\u00bb global_colors_info=\u00bb{}\u00bb]<\/p>\n<p>CARTA<\/p>\n<p>[\/et_pb_text][et_pb_text _builder_version=\u00bb4.14.7\u2033 _module_preset=\u00bbdefault\u00bb text_font=\u00bbHoefler||||||||\u00bb text_font_size=&quot;10px&quot; text_line_height=&quot;1.6px&quot; header_font=\u00bb|600|||||||\u00bb global_colors_info=\u00bb{}\u00bb]<\/p>\n<p style=\"text-align: center;\">Els productes i plats de temporada estan subjectes a canvi segons el mercat i la temporalitat.<\/p>\n<p>[\/et_pb_text][et_pb_text _builder_version=\u00bb4.14.7&#8243; _module_preset=\u00bbc18521aa-0237-403b-811b-ea1ef8de0cc3&#8243; global_colors_info=\u00bb{}\u00bb]<\/p>\n<p>PER COMEN\u00c7AR<\/p>\n<p>[\/et_pb_text][et_pb_text _builder_version=\u00bb4.14.7&#8243; _module_preset=\u00bba4d9cae4-550f-49ce-9211-bd502666fdb6&#8243; global_colors_info=\u00bb{}\u00bb]Degustaci\u00f3n de 3 aperitivos de temporada.<span style=\"float: right;\"><strong>20\u20ac<\/strong><\/span><\/p>\n<p>Degustaci\u00f3 de pa, oli i mantega.<span style=\"float: right;\"><strong>8\u20ac<\/strong><\/span>[\/et_pb_text][et_pb_text _builder_version=\u00bb4.14.7&#8243; _module_preset=\u00bbc18521aa-0237-403b-811b-ea1ef8de0cc3&#8243; global_colors_info=\u00bb{}\u00bb]<\/p>\n<p>ENTRANTS<\/p>\n<p>[\/et_pb_text][et_pb_text _builder_version=\u00bb4.14.7&#8243; _module_preset=\u00bbdefault\u00bb text_font=\u00bbFuturaLight||||||||\u00bb text_line_height=\u00bb18px\u00bb custom_margin=\u00bb||20px||false|false\u00bb global_colors_info=\u00bb{}\u00bb]Arroz meloso de calamar y sobrasada con l\u00e1minas de calamar y lima, emulsi\u00f3n de wasabi y brotes marinos.<span style=\"float: right;\"><strong>27\u20ac<\/strong><\/span><\/p>\n<p>Faves repelades amb burrata, velout\u00e9 de caf\u00e8 i emulsi\u00f3 acidulada.<span style=\"float: right;\"><strong>27\u20ac<\/strong><\/span>[\/et_pb_text][et_pb_text _builder_version=\u00bb4.14.1\u2033 _module_preset=\u00bbdefault\u00bb text_font=\u00bbFuturaMedium||||||||\u00bb text_line_height=&quot;18px&quot; custom_margin=&quot;||0px||false|false&quot; global_colors_info=\u00bb{}\u00bb]<\/p>\n<p>PEIXOS<\/p>\n<p>[\/et_pb_text][et_pb_text _builder_version=\u00bb4.14.7&#8243; _module_preset=\u00bbdefault\u00bb text_font=\u00bbFuturaLight||||||||\u00bb text_line_height=\u00bb18px\u00bb custom_margin=\u00bb||20px||false|false\u00bb global_colors_info=\u00bb{}\u00bb]Salmonete braseado con emulsi\u00f3n de bullabesa, col de Bruselas, coco encurtido y pomelo Thai.<span style=\"float: right;\"><strong>29\u20ac<\/strong><\/span><\/p>\n<p>Bacall\u00e0 confitat amb mussolina d'all negre, crem\u00f3s de xirivia, carxofes fregides en tempura i xiitakes glacejats. <span style=\"float: right;\"><strong>29\u20ac<\/strong><\/span>[\/et_pb_text][et_pb_text _builder_version=\u00bb4.14.1\u2033 _module_preset=\u00bbdefault\u00bb text_font=\u00bbFuturaMedium||||||||\u00bb text_line_height=&quot;18px&quot; custom_margin=&quot;||0px||false|false&quot; global_colors_info=\u00bb{}\u00bb]<\/p>\n<p>CARNS<\/p>\n<p>[\/et_pb_text][et_pb_text _builder_version=\u00bb4.14.7&#8243; _module_preset=\u00bba4d9cae4-550f-49ce-9211-bd502666fdb6&#8243; global_colors_info=\u00bb{}\u00bb]<\/p>\n<p>Colom\u00ed tandoori masala amb m\u00fargoles a la crema, crem\u00f3s de moniato torrat, gel de c\u00farcuma i tamarinde.<span style=\"float: right;\"><strong>30\u20ac<\/strong><\/span><\/p>\n<p>Galantina de pollastre de pag\u00e8s amb crem\u00f3s d&#039;apionabo, demi-glace de pollastre, cols de Brussel\u00b7les i trompetes de la mort escabetxades.<span style=\"float: right;\"><strong>29\u20ac<\/strong><\/span><\/p>\n<p>[\/et_pb_text][et_pb_text _builder_version=\u00bb4.14.2\u2033 _module_preset=\u00bbdefault\u00bb text_font=\u00bbFuturaMedium||||||||\u00bb text_line_height=&quot;18px&quot; custom_margin=&quot;||0px||false|false&quot; global_colors_info=\u00bb{}\u00bb]<\/p>\n<p>POSTRES<\/p>\n<p>[\/et_pb_text][et_pb_text _builder_version=\u00bb4.14.7&#8243; _module_preset=\u00bbdefault\u00bb text_font=\u00bbFuturaLight||||||||\u00bb text_line_height=\u00bb18px\u00bb custom_margin=\u00bb||20px||false|false\u00bb global_colors_info=\u00bb{}\u00bb]Mousse de chocolate con granada fresca, ganache de haba tonka y sorbete de granada.<span style=\"float: right;\"><strong>14\u20ac<\/strong><\/span><\/p>\n<p>Gelat \u00abbals\u00e0mic\u00bb amb crem\u00f3s de xocolata 72%, flam de te Cashmir, prunes a l&#039;amontillat i cacau.<span style=\"float: right;\"><strong>14\u20ac<\/strong><\/span>[\/et_pb_text][\/et_pb_column][\/et_pb_row][\/et_pb_section]<\/p>","protected":false},"excerpt":{"rendered":"<p>carta\u201c there is no modernitywithout a good tradition \u201dMEN\u00da DEGUSTACI\u00d3NLos productos de temporada est\u00e1n sujetos a cambio seg\u00fan mercado y temporalidad.A petici\u00f3n del comensal se puede adaptar el men\u00fa por alergias, intolerancias o preferencias personales. &nbsp;\u00abChurros con chocolate\u00bb. Almejas al oloroso con cremoso de topinambur, cal\u00e7ots escabechados y zumaque. Cremoso de pollo con piel crujiente, [&hellip;]<\/p>","protected":false},"author":1,"featured_media":0,"parent":0,"menu_order":0,"comment_status":"closed","ping_status":"closed","template":"","meta":{"_et_pb_use_builder":"on","_et_pb_old_content":"","_et_gb_content_width":""},"acf":[],"_links":{"self":[{"href":"https:\/\/prodigi.cat\/ca\/wp-json\/wp\/v2\/pages\/36"}],"collection":[{"href":"https:\/\/prodigi.cat\/ca\/wp-json\/wp\/v2\/pages"}],"about":[{"href":"https:\/\/prodigi.cat\/ca\/wp-json\/wp\/v2\/types\/page"}],"author":[{"embeddable":true,"href":"https:\/\/prodigi.cat\/ca\/wp-json\/wp\/v2\/users\/1"}],"replies":[{"embeddable":true,"href":"https:\/\/prodigi.cat\/ca\/wp-json\/wp\/v2\/comments?post=36"}],"version-history":[{"count":29,"href":"https:\/\/prodigi.cat\/ca\/wp-json\/wp\/v2\/pages\/36\/revisions"}],"predecessor-version":[{"id":5766,"href":"https:\/\/prodigi.cat\/ca\/wp-json\/wp\/v2\/pages\/36\/revisions\/5766"}],"wp:attachment":[{"href":"https:\/\/prodigi.cat\/ca\/wp-json\/wp\/v2\/media?parent=36"}],"curies":[{"name":"wp","href":"https:\/\/api.w.org\/{rel}","templated":true}]}}