{"id":426,"date":"2022-02-03T19:48:52","date_gmt":"2022-02-03T18:48:52","guid":{"rendered":"https:\/\/prodigi.cat\/?page_id=426"},"modified":"2025-04-11T03:37:37","modified_gmt":"2025-04-11T02:37:37","slug":"haz-un-regalo-prodigi","status":"publish","type":"page","link":"https:\/\/prodigi.cat\/ca\/fes-un-regal-prodigi\/","title":{"rendered":"fes un regal!"},"content":{"rendered":"<p>[et_pb_section fb_built=&quot;1&quot; _builder_version=&quot;4.14.1&quot; _module_preset=&quot;default&quot; background_enable_image=&quot;off&quot; global_colors_info=&quot;{}&quot;][et_pb_row _builder_version=&quot;4.14.2&quot; _module_ \/\/prodigi.cat\/wp-content\/uploads\/2021\/12\/IMG_8472.jpg\u00bb width=\u00bb100%\u00bb max_width=\u00bb100%\u00bb custom_margin=\u00bb||85px||false|false\u00bb custom_padding=\u00bb170 |false|false\u00bb global_colors_info=\u00bb{}\u00bb][et_pb_column type=\u00bb4_4\u2033 _builder_version=\u00bb4.14.1\u2033 _module_preset=\u00bbdefault\u00bb global_colors_info=\u00bb{}\u00bb][et_pb_text _builder_version=\u00bb4.14. default\u00bb text_font=\u00bbHoefler||||||||\u00bb text_font_size=&quot;36px&quot; text_line_height=&quot;43px&quot; text_orientation=&quot;center&quot; background_layout=&quot;dark&quot; custom_margin=&quot;||10px||false|false&quot; global_colors_info=\u00bb{}\u00bb]<\/p>\n<p>regala<br \/>men\u00fa degustaci\u00f3<\/p>\n<p>[\/et_pb_text][et_pb_text admin_label=\u00bbText\u00bb _builder_version=\u00bb4.14.7\u2033 _module_preset=\u00bbdefault\u00bb text_font=\u00bbHoefler|||||||||\u00bb text_orientation=\u00bbcenter\u00bb background_layout=\u00bbdark\u00bb global_colors_info=\u00bb{}\u00bb]<\/p>\n<p>Podr\u00e0s escollir el nombre de men\u00fas degustaci\u00f3 que vulguis regalar.<br \/>El maridatge de vins \u00e9s opcional, nosaltres ho recomanem.<br \/>Aquest men\u00fa varia cada temporada.<\/p>\n<p>[\/et_pb_text][\/et_pb_column][\/et_pb_row][et_pb_row _builder_version=&quot;4.14.1&quot; _module_preset=&quot;default&quot; width=&quot;95%&quot; max_width=&quot;440px&quot; global_colors_info= _builder_version=&quot;4.14.1&quot; _module_preset=&quot;default&quot; global_colors_info=&quot;{}&quot;][et_pb_text _builder_version=&quot;4.14.7&quot; _module_preset=&quot;default&quot; text_font=&quot;Handwriting||||||||| text_font_size=&quot;45px&quot; text_orientation=&quot;center&quot; custom_margin=&quot;||25px||false|false&quot; global_colors_info=\u00bb{}\u00bb]<\/p>\n<p>regala<\/p>\n<p>[\/et_pb_text][et_pb_text _builder_version=\u00bb4.14.7\u2033 _module_preset=\u00bbdefault\u00bb text_font=\u00bbHoefler||||||||\u00bb text_font_size=&quot;20px&quot; text_orientation=&quot;center&quot; custom_margin=&quot;||29px||false|false&quot; global_colors_info=\u00bb{}\u00bb]<\/p>\n<p>\u201c happiness is a choice\u2026\u201d<\/p>\n<p>[\/et_pb_text][et_pb_text admin_label=&quot;Text&quot; _builder_version=&quot;4.14.7&quot; _module_preset=&quot;default&quot; text_font=&quot;HoeflerBlack|||||||||&quot; text_font_size=&quot;18px&quot; text_orientation=&quot;center&quot; custom_margin=&quot;||15px||false|false&quot; hover_enabled=&quot;0&quot; global_colors_info=&quot;{}&quot; sticky_enabled=&quot;0&quot;][\/et_pb_text][et_pb_text=_bu. _module_preset=\u00bbdefault\u00bb text_font=\u00bbHoefler||||||||\u00bb text_orientation=&quot;center&quot; custom_margin=&quot;||30px||false|false&quot; global_colors_info=\u00bb{}\u00bb][\/et_pb_text][et_pb_text _builder_version=\u00bb4.14.1\u2033 _module_preset=\u00bbdefault\u00bb text_font=\u00bb|Hoefler text_font_size=&quot;18px&quot; text_orientation=&quot;center&quot; custom_margin=&quot;||15px||false|false&quot; global_colors_info=\u00bb{}\u00bb]<\/p>\n<p>on line<\/p>\n<p>[\/et_pb_text][et_pb_text _builder_version=\u00bb4.14.7\u2033 _module_preset=\u00bbdefault\u00bb text_font=\u00bbHoefler||||||||\u00bb text_orientation=\u00bbcenter\u00bb custom_margin=\u00bb||17px||false\u00bbfalse\u00bb<\/p>\n<p>Rebr\u00e0s per email un val regal<br \/>amb lopci\u00f3 de regal seleccionada.<br \/> <u>La validesa del val regal \u00e9s de 1 any des de la compra<\/u><\/p>\n<p>[\/et_pb_text][\/et_pb_column][\/et_pb_row][\/et_pb_section][et_pb_section fb_built=\u00bb1\u2033 fullwidth=\u00bbon\u00bb _builder_version=\u00bb4.14.7\u2033 _module_preset=\u00bbdefault\u00bb global_colors =\u00bb4.14.7\u2033 _module_preset=\u00bbdefault\u00bb text_orientation=\u00bbcenter\u00bb global_colors_info=\u00bb{}\u00bb]<div class=\"boton-pago-redsys redsys-confirma-abandono\"><form action=\"https:\/\/sis.redsys.es\/sis\/realizarPago\" method=\"post\" id=\"form_pago_redsys-3524\" data-trp-original-action=\"https:\/\/sis.redsys.es\/sis\/realizarPago\"><div class=\"form_redsys_campo\"><input class=\"redsys_form_fields redsys_form_fields-text redsys_form_fields-3524\" data-concepto=\"Nombre\" type=\"text\" name=\"nombre\" id=\"nombre\" placeholder=\"Nom (obligatori)\" value=\"\" onfocus=\"desmarcaCampo(this);\" required=\"required\"><\/div><div class=\"form_redsys_campo\"><input class=\"redsys_form_fields redsys_form_fields-text redsys_form_fields-3524\" data-concepto=\"Tel\u00e9fono\" type=\"text\" name=\"telefono\" id=\"telefono\" placeholder=\"Tel\u00e8fon (obligatori)\" value=\"\" onfocus=\"desmarcaCampo(this);\" required=\"required\"><\/div><div class=\"form_redsys_campo\"><input class=\"redsys_form_fields redsys_form_fields-email redsys_form_fields-3524 email-redsys\" data-concepto=\"Email\" type=\"email\" name=\"email\" id=\"email_redsys-3524\" placeholder=\"Email (obligatori)\" value=\"\" onfocus=\"desmarcaCampo(this);\" required=\"required\"><\/div><div class=\"form_redsys_campo\"><label for=\"cantidad-de-menus\" class=\"redsys_form_label\">Quantitat de men\u00fas<\/label> <span class=\"required\">*<\/span><br><select class=\"redsys_form_fields redsys_form_fields-select redsys_form_fields-3524\" data-type=\"select\" data-concepto=\"Cantidad de men\u00fas\" name=\"cantidad-de-menus\" id=\"cantidad-de-menus\" onclick=\"desmarcaCampo(this);\" required=\"required\"><option value=\"\" disabled=\"disabled\" selected>Seleccioneu una opci\u00f3<\/option><option value=\"1 x Men\u00fa degustaci\u00f3n (95\u20ac)\">1 x Men\u00fa degustaci\u00f3 (95\u20ac)<\/option><option value=\"2 x Men\u00fa degustaci\u00f3n (190\u20ac)\">2 x Men\u00fa degustaci\u00f3 (190\u20ac)<\/option><option value=\"3 x Men\u00fa degustaci\u00f3n (285\u20ac)\">3 x Men\u00fa degustaci\u00f3 (285\u20ac)<\/option><option value=\"4 x Men\u00fa degustaci\u00f3n (380\u20ac)\">4 x Men\u00fa degustaci\u00f3 (380\u20ac)<\/option><option value=\"5 x Men\u00fa degustaci\u00f3n (475\u20ac)\">5 x Men\u00fa degustaci\u00f3 (475\u20ac)<\/option><option value=\"6 x Men\u00fa degustaci\u00f3n (570\u20ac)\">6 x Men\u00fa degustaci\u00f3 (570\u20ac)<\/option><option value=\"1 x Men\u00fa degustaci\u00f3n con maridaje (140\u20ac)\">1 x Men\u00fa degustaci\u00f3 amb maridatge (140\u20ac)<\/option><option value=\"2 x Men\u00fa degustaci\u00f3n con maridaje (280\u20ac)\">2 x Men\u00fa degustaci\u00f3 amb maridatge (280\u20ac)<\/option><option value=\"3 x Men\u00fa degustaci\u00f3n con maridaje (420\u20ac)\">3 x Men\u00fa degustaci\u00f3 amb maridatge (420\u20ac)<\/option><option value=\"4 x Men\u00fa degustaci\u00f3n con maridaje (560\u20ac)\">4 x Men\u00fa degustaci\u00f3 amb maridatge (560\u20ac)<\/option><option value=\"5 x Men\u00fa degustaci\u00f3n con maridaje (700\u20ac)\">5 x Men\u00fa degustaci\u00f3 amb maridatge (700\u20ac)<\/option><option value=\"6 x Men\u00fa degustaci\u00f3n con maridaje (840\u20ac)\">6 x Men\u00fa degustaci\u00f3 amb maridatge (840\u20ac)<\/option><\/select><\/div><input type=\"hidden\" name=\"Ds_SignatureVersion\" value=\"HMAC_SHA256_V1\" \/><input type=\"hidden\" name=\"Ds_MerchantParameters\" id=\"Ds_MerchantParameters-3524\" \/><input type=\"hidden\" name=\"Ds_Signature\" id=\"Ds_Signature-3524\" \/><input type=\"hidden\" name=\"Ds_Order\" id=\"Ds_Order-3524\" value=\"00004910-001\" \/><input type=\"hidden\" name=\"Ds_MerchantPaymethods\" id=\"Ds_MerchantPaymethods-3524\" value=\"C\" \/><input type=\"hidden\" name=\"Ds_Merchant_ConsumerLanguage\" id=\"Ds_Merchant_ConsumerLanguage-3524\" value=\"1\" \/><input type=\"hidden\" name=\"http_accept\" id=\"http_accept-3524\" value=\"*\/*\" \/><input type=\"hidden\" name=\"Ds_Amount\" id=\"Ds_Amount-3524\" value=\"75.000000\" \/><input type=\"button\" value=\"COMPRAR 75,00\u20ac\" class=\"boton-redsys\" id=\"boton_redsys-3524\" style=\"background-color:#664c37;color:#fff\" onclick=\"procesaPago('3524');\" \/><br \/><input type=\"hidden\" name=\"concepto\" id=\"concepto_redsys-3524\" class=\"concepto-redsys\" \/><input type=\"hidden\" name=\"trp-form-language\" value=\"ca\"\/><\/form><\/div>[\/et_pb_fullwidth_code][\/et_pb_section]<\/p>","protected":false},"excerpt":{"rendered":"<p>regalamen\u00fa degustaci\u00f3Podr\u00e0s escollir el nombre de men\u00fas degustaci\u00f3 que vulguis regalar.El maridatge de vins \u00e9s opcional, nosaltres ho recomanem.Aquest men\u00fa varia cada temporada.regala\u201chappiness is a choice\u2026\u201don lineRebr\u00e0s per email un val regal amb l&#039;opci\u00f3 de regal seleccionada. La validesa del val regal \u00e9s de 1 any des de la compra<div class=\"boton-pago-redsys redsys-confirma-abandono\"><form action=\"https:\/\/sis.redsys.es\/sis\/realizarPago\" method=\"post\" id=\"form_pago_redsys-5721\" data-trp-original-action=\"https:\/\/sis.redsys.es\/sis\/realizarPago\"><div class=\"form_redsys_campo\"><input class=\"redsys_form_fields redsys_form_fields-text redsys_form_fields-5721\" data-concepto=\"Nombre\" type=\"text\" name=\"nombre\" id=\"nombre\" placeholder=\"Nom (obligatori)\" value=\"\" onfocus=\"desmarcaCampo(this);\" required=\"required\"><\/div><div class=\"form_redsys_campo\"><input class=\"redsys_form_fields redsys_form_fields-text redsys_form_fields-5721\" data-concepto=\"Tel\u00e9fono\" type=\"text\" name=\"telefono\" id=\"telefono\" placeholder=\"Tel\u00e8fon (obligatori)\" value=\"\" onfocus=\"desmarcaCampo(this);\" required=\"required\"><\/div><div class=\"form_redsys_campo\"><input class=\"redsys_form_fields redsys_form_fields-email redsys_form_fields-5721 email-redsys\" data-concepto=\"Email\" type=\"email\" name=\"email\" id=\"email_redsys-5721\" placeholder=\"Email (obligatori)\" value=\"\" onfocus=\"desmarcaCampo(this);\" required=\"required\"><\/div><div class=\"form_redsys_campo\"><label for=\"cantidad-de-menus\" class=\"redsys_form_label\">Quantitat de men\u00fas<\/label> <span class=\"required\">*<\/span><br><select class=\"redsys_form_fields redsys_form_fields-select redsys_form_fields-5721\" data-type=\"select\" data-concepto=\"Cantidad de men\u00fas\" name=\"cantidad-de-menus\" id=\"cantidad-de-menus\" onclick=\"desmarcaCampo(this);\" required=\"required\"><option value=\"\" disabled=\"disabled\" selected>Seleccioneu una opci\u00f3<\/option><option value=\"1 x Men\u00fa degustaci\u00f3n (95\u20ac)\">1 x Men\u00fa degustaci\u00f3 (95\u20ac)<\/option><option value=\"2 x Men\u00fa degustaci\u00f3n (190\u20ac)\">2 x Men\u00fa degustaci\u00f3 (190\u20ac)<\/option><option value=\"3 x Men\u00fa degustaci\u00f3n (285\u20ac)\">3 x Men\u00fa degustaci\u00f3 (285\u20ac)<\/option><option value=\"4 x Men\u00fa degustaci\u00f3n (380\u20ac)\">4 x Men\u00fa degustaci\u00f3 (380\u20ac)<\/option><option value=\"5 x Men\u00fa degustaci\u00f3n (475\u20ac)\">5 x Men\u00fa degustaci\u00f3 (475\u20ac)<\/option><option value=\"6 x Men\u00fa degustaci\u00f3n (570\u20ac)\">6 x Men\u00fa degustaci\u00f3 (570\u20ac)<\/option><option value=\"1 x Men\u00fa degustaci\u00f3n con maridaje (140\u20ac)\">1 x Men\u00fa degustaci\u00f3 amb maridatge (140\u20ac)<\/option><option value=\"2 x Men\u00fa degustaci\u00f3n con maridaje (280\u20ac)\">2 x Men\u00fa degustaci\u00f3 amb maridatge (280\u20ac)<\/option><option value=\"3 x Men\u00fa degustaci\u00f3n con maridaje (420\u20ac)\">3 x Men\u00fa degustaci\u00f3 amb maridatge (420\u20ac)<\/option><option value=\"4 x Men\u00fa degustaci\u00f3n con maridaje (560\u20ac)\">4 x Men\u00fa degustaci\u00f3 amb maridatge (560\u20ac)<\/option><option value=\"5 x Men\u00fa degustaci\u00f3n con maridaje (700\u20ac)\">5 x Men\u00fa degustaci\u00f3 amb maridatge (700\u20ac)<\/option><option value=\"6 x Men\u00fa degustaci\u00f3n con maridaje (840\u20ac)\">6 x Men\u00fa degustaci\u00f3 amb maridatge (840\u20ac)<\/option><\/select><\/div><input type=\"hidden\" name=\"Ds_SignatureVersion\" value=\"HMAC_SHA256_V1\" \/><input type=\"hidden\" name=\"Ds_MerchantParameters\" id=\"Ds_MerchantParameters-5721\" \/><input type=\"hidden\" name=\"Ds_Signature\" id=\"Ds_Signature-5721\" \/><input type=\"hidden\" name=\"Ds_Order\" id=\"Ds_Order-5721\" value=\"00004910-001\" \/><input type=\"hidden\" name=\"Ds_MerchantPaymethods\" id=\"Ds_MerchantPaymethods-5721\" value=\"C\" \/><input type=\"hidden\" name=\"Ds_Merchant_ConsumerLanguage\" id=\"Ds_Merchant_ConsumerLanguage-5721\" value=\"1\" \/><input type=\"hidden\" name=\"http_accept\" id=\"http_accept-5721\" value=\"*\/*\" \/><input type=\"hidden\" name=\"Ds_Amount\" id=\"Ds_Amount-5721\" value=\"75.000000\" \/><input type=\"button\" value=\"COMPRAR 75,00\u20ac\" class=\"boton-redsys\" id=\"boton_redsys-5721\" style=\"background-color:#664c37;color:#fff\" onclick=\"procesaPago('5721');\" \/><br \/><input type=\"hidden\" name=\"concepto\" id=\"concepto_redsys-5721\" class=\"concepto-redsys\" \/><input type=\"hidden\" name=\"trp-form-language\" value=\"ca\"\/><\/form><\/div><\/p>","protected":false},"author":1,"featured_media":0,"parent":0,"menu_order":0,"comment_status":"closed","ping_status":"closed","template":"","meta":{"_et_pb_use_builder":"on","_et_pb_old_content":"","_et_gb_content_width":""},"acf":[],"_links":{"self":[{"href":"https:\/\/prodigi.cat\/ca\/wp-json\/wp\/v2\/pages\/426"}],"collection":[{"href":"https:\/\/prodigi.cat\/ca\/wp-json\/wp\/v2\/pages"}],"about":[{"href":"https:\/\/prodigi.cat\/ca\/wp-json\/wp\/v2\/types\/page"}],"author":[{"embeddable":true,"href":"https:\/\/prodigi.cat\/ca\/wp-json\/wp\/v2\/users\/1"}],"replies":[{"embeddable":true,"href":"https:\/\/prodigi.cat\/ca\/wp-json\/wp\/v2\/comments?post=426"}],"version-history":[{"count":12,"href":"https:\/\/prodigi.cat\/ca\/wp-json\/wp\/v2\/pages\/426\/revisions"}],"predecessor-version":[{"id":2985,"href":"https:\/\/prodigi.cat\/ca\/wp-json\/wp\/v2\/pages\/426\/revisions\/2985"}],"wp:attachment":[{"href":"https:\/\/prodigi.cat\/ca\/wp-json\/wp\/v2\/media?parent=426"}],"curies":[{"name":"wp","href":"https:\/\/api.w.org\/{rel}","templated":true}]}}