{"id":36,"date":"2021-11-29T09:21:41","date_gmt":"2021-11-29T08:21:41","guid":{"rendered":"https:\/\/prodigi.cat\/?page_id=36"},"modified":"2026-04-28T00:52:26","modified_gmt":"2026-04-27T23:52:26","slug":"que-se-esta-cocinando","status":"publish","type":"page","link":"https:\/\/prodigi.cat\/en\/what-is-cooking\/","title":{"rendered":"What are we cooking?"},"content":{"rendered":"<p>[et_pb_section fb_built=\u00bb1\u2033 fullwidth=\u00bbon\u00bb _builder_version=\u00bb4.14.1\u2033 _module_preset=\u00bbdefault\u00bb global_colors_info=\u00bb{}\u00bb][\/et_pb_section][et_pb_section fb_built=\u00bb1\u2033 custom_padding_last_edited=\u00bbon|tablet\u00bb _builder_version=\u00bb4.14.1\u2033 _module_preset=\u00bbdefault\u00bb custom_margin=\u00bb||||false|false\u00bb custom_margin_tablet=\u00bb0px||0px||false|false\u00bb custom_margin_phone=\u00bb0px||0px||false|false\u00bb custom_margin_last_edited=\u00bbon|tablet\u00bb custom_padding_tablet=\u00bb0px||0px||false|false\u00bb custom_padding_phone=\u00bb0px||0px||false|false\u00bb global_colors_info=\u00bb{}\u00bb][et_pb_row custom_padding_last_edited=\u00bbon|tablet\u00bb _builder_version=\u00bb4.14.1\u2033 _module_preset=\u00bbdefault\u00bb width=\u00bb100%\u00bb max_width=\u00bb100%\u00bb custom_margin_tablet=\u00bb0px||0px||false|false\u00bb custom_margin_phone=\u00bb0px||0px||false|false\u00bb custom_margin_last_edited=\u00bbon|tablet\u00bb custom_padding_tablet=\u00bb0px||0px||false|false\u00bb custom_padding_phone=\u00bb0px||0px||false|false\u00bb global_colors_info=\u00bb{}\u00bb][et_pb_column type=\u00bb4_4\u2033 _builder_version=\u00bb4.14.1\u2033 _module_preset=\u00bbdefault\u00bb global_colors_info=\u00bb{}\u00bb][et_pb_wptools_image_carousel slidestoshow=\u00bb3\u2033 _builder_version=\u00bb4.14.7\u2033 _module_preset=\u00bbdefault\u00bb global_colors_info=\u00bb{}\u00bb][et_pb_wptools_carousel_image_item src=\u00bbhttps:\/\/prodigi.cat\/wp-content\/uploads\/2024\/11\/187PROGIDI21AGOST_HD-scaled.jpg\u00bb _builder_version=\u00bb4.14.7\u2033 _module_preset=\u00bbdefault\u00bb global_colors_info=\u00bb{}\u00bb][\/et_pb_wptools_carousel_image_item][et_pb_wptools_carousel_image_item src=\u00bbhttps:\/\/prodigi.cat\/wp-content\/uploads\/2023\/10\/DSC07134-scaled.jpg\u00bb _builder_version=\u00bb4.14.7\u2033 _module_preset=\u00bbdefault\u00bb global_colors_info=\u00bb{}\u00bb][\/et_pb_wptools_carousel_image_item][et_pb_wptools_carousel_image_item src=\u00bbhttps:\/\/prodigi.cat\/wp-content\/uploads\/2023\/10\/DSC06980-scaled.jpg\u00bb _builder_version=\u00bb4.14.7\u2033 _module_preset=\u00bbdefault\u00bb global_colors_info=\u00bb{}\u00bb][\/et_pb_wptools_carousel_image_item][et_pb_wptools_carousel_image_item src=\u00bbhttps:\/\/prodigi.cat\/wp-content\/uploads\/2023\/10\/DSC07002-scaled.jpg\u00bb _builder_version=\u00bb4.14.7\u2033 _module_preset=\u00bbdefault\u00bb global_colors_info=\u00bb{}\u00bb][\/et_pb_wptools_carousel_image_item][et_pb_wptools_carousel_image_item src=\u00bbhttps:\/\/prodigi.cat\/wp-content\/uploads\/2023\/10\/DSC07313-Enhanced-NR-scaled.jpg\u00bb _builder_version=\u201d4.14.7\u2033 _module_preset=\u00bbdefault\u00bb global_colors_info=\u00bb{}\u00bb][\/et_pb_wptools_carousel_image_item][et_pb_wptools_carousel_image_item src=\u00bbhttps:\/\/prodigi.cat\/wp-content\/uploads\/2023\/10\/DSC07162-Enhanced-NR-scaled.jpg\u00bb _builder_version=\u00bb4.14.7\u2033 _module_preset=\u00bbdefault\u00bb global_colors_info=\u00bb{}\u00bb][\/et_pb_wptools_carousel_image_item][et_pb_wptools_carousel_image_item src=\u00bbhttps:\/\/prodigi.cat\/wp-content\/uploads\/2023\/10\/DSC07036-scaled.jpg\u00bb _builder_version=\u00bb4.14.7\u2033 _module_preset=\u00bbdefault\u00bb global_colors_info=\u00bb{}\u00bb][\/et_pb_wptools_carousel_image_item][et_pb_wptools_carousel_image_item src=\u00bbhttps:\/\/prodigi.cat\/wp-content\/uploads\/2023\/10\/DSC07341-Enhanced-NR-scaled.jpg\u00bb _builder_version=\u00bb4.14.7\u2033 _module_preset=\u00bbdefault\u00bb global_colors_info=\u00bb{}\u00bb][\/et_pb_wptools_carousel_image_item][et_pb_wptools_carousel_image_item src=\u00bbhttps:\/\/prodigi.cat\/wp-content\/uploads\/2023\/10\/DSC07172-Enhanced-NR-scaled.jpg\u00bb _builder_version=\u00bb4.14.7\u2033 _module_preset=\u00bbdefault\u00bb global_colors_info=\u00bb{}\u00bb][\/et_pb_wptools_carousel_image_item][\/et_pb_wptools_image_carousel][\/et_pb_column][\/et_pb_row][\/et_pb_section][et_pb_section fb_built=\u00bb1\u2033 custom_padding_last_edited=\u00bbon|tablet\u00bb _builder_version=\u00bb4.14.1\u2033 _module_preset=\u00bbdefault\u00bb custom_margin_tablet=\u00bb0px||0px||false|false\u00bb custom_margin_phone=\u00bb0px||0px||false|false\u00bb custom_margin_last_edited=\u00bbon|tablet\u00bb custom_padding_tablet=\u00bb0px||0px||false|false\u00bb custom_padding_phone=\u00bb0px||0px||false|false\u00bb global_colors_info=\u00bb{}\u00bb][et_pb_row custom_padding_last_edited=\u00bbon|tablet\u00bb _builder_version=\u00bb4.14.2\u2033 _module_preset=\u00bbdefault\u00bb width=\u00bb95%\u00bb max_width=\u00bb800px\u00bb custom_margin_tablet=\u00bb0px||0px||false|false\u00bb custom_margin_phone=\u00bb0px||0px||false|false\u00bb custom_margin_last_edited=\u00bbon|tablet\u00bb custom_padding=\u00bb|0px||||\u00bb custom_padding_tablet=\u00bb0px||0px||false|false\u00bb custom_padding_phone=\u00bb0px||0px||false|false\u00bb global_colors_info=\u00bb{}\u00bb][et_pb_column type=\u00bb4_4\u2033 _builder_version=\u00bb4.14.1\u2033 _module_preset=\u00bbdefault\u00bb global_colors_info=\u00bb{}\u00bb][et_pb_text _builder_version=\u00bb4.14.1\u2033 _module_preset=\u00bbdefault\u00bb text_font=\u00bbHandwriting||||||||\u00bb text_font_size=\u00bb45px\u00bb text_line_height=\u00bb52px\u00bb text_orientation=\u00bbcenter\u00bb custom_margin=\u00bb90px||||false|false\u00bb custom_margin_tablet=\u00bb30px||||false|false\u00bb custom_margin_phone=\u00bb30px||||false|false\u00bb custom_margin_last_edited=\u00bbon|tablet\u00bb global_colors_info=\u00bb{}\u00bb]<\/p>\n<p>letter<\/p>\n<p>[\/et_pb_text][et_pb_text _builder_version=\u201d4.14.1\u2033 _module_preset=\u201ddefault\u201d text_font=\u201dHoefler||||||||\u00bb text_font_size=\u201d20px\u201d text_line_height=\u201d25px\u201d text_orientation=\u201dcenter\u201d custom_margin=\u201d25px||||false|false\u201d global_colors_info=\u201d{}\u201d]<\/p>\n<p>\u201cthere is no modernity<br \/>without a good tradition\u201d<\/p>\n<p>[\/et_pb_text][et_pb_text _builder_version=\u201d4.14.2\u2033 _module_preset=\u201ddefault\u201d text_font=\u201dFuturaMedium||||||||\u201d text_font_size=\u201d16px\u201d text_orientation=\u201dcenter\u201d custom_margin=\u201d52px||0px||false|false\u201d global_colors_info=\u201d{}\u201d]<\/p>\n<p>TASTING MENU<\/p>\n<p>[\/et_pb_text][et_pb_text _builder_version=\u201d4.14.7\u2033 _module_preset=\u201ddefault\u201d text_font=\u201dHoefler||||||||\u00bb text_font_size=\u201d10px\u201d text_line_height=\u201d16px\u201d text_orientation=\u201dcenter\u201d custom_margin=\u201d0px||20px||false|false\u201d custom_padding=\u201d0px||0px||false|false\u201d global_colors_info=\u201d{}\u201d]<\/p>\n<p>Seasonal products are subject to change depending on the market and season.<br \/>At the diner&#039;s request, the menu can be adapted to accommodate allergies, intolerances, or personal preferences.<\/p>\n<p>&nbsp;<\/p>\n<p>[\/et_pb_text][et_pb_text _builder_version=\u201d4.14.7\u2033 _module_preset=\u201ddefault\u201d text_font=\u201dFuturaLight||||||||\u00bb text_line_height=\u201d18px\u201d text_orientation=\u201dcenter\u201d custom_margin=\u201d0px||20px||false|false\u201d custom_padding=\u201d0px||0px||false|false\u201d hover_enabled=\u201d0\u2033 global_colors_info=\u201d{}\u201d sticky_enabled=\u201d 0\u2033]<\/p>\n<p>Duck \u00e0 l&#039;orange.<\/p>\n<p>Marinated mackerel with smoked beurre blanc, braised mini corn cob and sea grapes.<\/p>\n<p>Chicken liver parfait with crispy skin, pear, pickled mustard and ponzu.<\/p>\n<p>Tasting of bread, oil and butter.<\/p>\n<p>&#8212;&#8212;&#8212;&#8212;&#8212;&#8212;&#8212;&#8212;&#8212;&#8212;&#8212;&#8212;&#8212;&#8212;&#8212;&#8212;&#8212;&#8212;&#8212;&#8212;&#8212;&#8212;<\/p>\n<p>Cuttlefish tartare with smoked peas, cuttlefish bisque and green shiso.<\/p>\n<p>Braised white asparagus with Cantonese-style pork jowl, jalape\u00f1o pesto and mace cream.<\/p>\n<p>Wild sea bass with tangy coffee sauce, smoked emulsion, green asparagus and tempura artichoke.<\/p>\n<p>Baby lamb with burnt banana cream, glazed shiitake and lemongrass foam.<br \/>&#8212;&#8212;&#8212;&#8212;&#8212;&#8212;&#8212;&#8212;&#8212;&#8212;&#8212;&#8212;&#8212;&#8212;&#8212;&#8212;&#8212;&#8212;&#8212;&#8212;&#8212;&#8212;<\/p>\n<p>Wild garlic sorbet with yuzu cream and eucalyptus.<\/p>\n<p>Rhubarb ice cream with cashmir tea flan, hoisin butter and elderflower vinegar.<\/p>\n<p>Petit-fours.<\/p>\n<p>[\/et_pb_text][et_pb_text _builder_version=\u201d4.14.7\u2033 _module_preset=\u201ddefault\u201d text_font=\u201dFuturaLight||||||||\u00bb text_font_size=\u201d12px\u201d text_line_height=\u201d16px\u201d text_orientation=\u201dcenter\u201d custom_margin=\u201d||55px||false|false\u201d global_colors_info=\u201d{}\u201d]<\/p>\n<p><strong>Menu price: \u20ac95<\/strong><br \/><strong>Price of wine pairing: \u20ac45<\/strong><\/p>\n<p>[\/et_pb_text][et_pb_text _builder_version=\u201d4.14.7\u2033 _module_preset=\u201ddefault\u201d text_font=\u201dFuturaMedium||||||||\u201d text_font_size=\u201d16px\u201d text_orientation=\u201dcenter\u201d custom_margin=\u201d0px||0px||false|false\u201d global_colors_info=\u201d{}\u201d]<\/p>\n<p>Lunch Menu<\/p>\n<p>[\/et_pb_text][et_pb_text _builder_version=\u201d4.14.7\u2033 _module_preset=\u201ddefault\u201d text_font=\u201dHoefler||||||||\u00bb text_font_size=\u201d10px\u201d text_line_height=\u201d16px\u201d text_orientation=\u201dcenter\u201d custom_margin=\u201d0px||20px||false|false\u201d custom_padding=\u201d0px||0px||false|false\u201d global_colors_info=\u201d{}\u201d]<\/p>\n<p>midday from Tuesday to Friday, excluding holidays.<br \/>Some dishes may vary depending on market availability.<\/p>\n<p>[\/et_pb_text][et_pb_text _builder_version=\u201d4.14.7\u2033 _module_preset=\u201ddefault\u201d text_font=\u201dFuturaLight||||||||\u00bb text_line_height=\u201d18px\u201d text_orientation=\u201dcenter\u201d custom_margin=\u201d0px||20px||false|false\u201d custom_padding=\u201d0px||0px||false|false\u201d hover_enabled=\u201d0\u2033 global_colors_info=\u201d{}\u201d sticky_enabled=\u201d 0\u2033]<strong>SNACK<\/strong><\/p>\n<p>Chicken liver parfait with crispy skin, pear, pickled mustard and ponzu.<\/p>\n<p>Tasting of bread, oil and butter.<br \/>\n&#8212;&#8212;&#8212;&#8212;&#8212;&#8212;&#8212;&#8212;&#8212;&#8212;&#8212;&#8212;&#8212;&#8212;&#8212;&#8212;&#8212;&#8212;&#8212;&#8212;&#8212;&#8212;<\/p>\n<p><strong>STARTERS<\/strong>\u00a0(1 to choose)<\/p>\n<p>Creamy orzo with Iberian pork jowl, braised peas and lemon.<\/p>\n<p>either<\/p>\n<p>Jerusalem artichoke cream with braised mackerel, pickled cal\u00e7ots and vanilla.<\/p>\n<p>&#8212;&#8212;&#8212;&#8212;&#8212;&#8212;&#8212;&#8212;&#8212;&#8212;&#8212;&#8212;&#8212;&#8212;&#8212;&#8212;&#8212;&#8212;&#8212;&#8212;&#8212;&#8212;<br \/>\n<strong>MAIN COURSE <\/strong>(1 to choose)<\/p>\n<p>Chicken galantine with creamy celeriac, chicken demi-glace, braised cabbage and confit maitake mushrooms.<\/p>\n<p>(Option to exchange for beef steak with a supplement of +\u20ac10)<\/p>\n<p>either<\/p>\n<p>Seared hake with black garlic mousseline, parsnip cream, tempura-fried artichokes and glazed shiitake mushrooms.<\/p>\n<p>&#8212;&#8212;&#8212;&#8212;&#8212;&#8212;&#8212;&#8212;&#8212;&#8212;&#8212;&#8212;&#8212;&#8212;&#8212;&#8212;&#8212;&#8212;&#8212;&#8212;&#8212;&#8212;<\/p>\n<p><strong>DESSERT<\/strong><\/p>\n<p>Chocolate mousse with fresh pomegranate, tonka bean ganache and bourbon vanilla ice cream.<\/p>\n<p>&nbsp;[\/et_pb_text][et_pb_text _builder_version=\u201d4.14.7\u2033 _module_preset=\u201ddefault\u201d text_font=\u201dFuturaLight||||||||\u00bb text_font_size=\u201d12px\u201d text_line_height=\u201d16px\u201d text_orientation=\u201dcenter\u201d custom_margin=\u201d||70px||false|false\u201d global_colors_info=\u201d{}\u201d]<\/p>\n<p><strong>Price: \u20ac45 (drinks not included)<\/strong><\/p>\n<p>[\/et_pb_text][et_pb_text _builder_version=\u00bb4.14.7\u2033 _module_preset=\u00bbdefault\u00bb text_font=\u00bbFuturaMedium||||||||\u00bb text_font_size=\u00bb18px\u00bb text_orientation=\u00bbcenter\u00bb custom_margin=\u00bb||25px||false|false\u00bb global_colors_info=\u00bb{}\u00bb]<\/p>\n<p>A LA CARTE<\/p>\n<p>[\/et_pb_text][et_pb_text _builder_version=\u00bb4.14.7\u2033 _module_preset=\u00bbdefault\u00bb text_font=\u00bbHoefler||||||||\u00bb text_font_size=\u00bb10px\u00bb text_line_height=\u00bb1.6px\u00bb header_font=\u00bb|600|||||||\u00bb global_colors_info=\u00bb{}\u00bb]<\/p>\n<p style=\"text-align: center;\">Seasonal products and dishes are subject to change depending on the market and season.<\/p>\n<p>[\/et_pb_text][et_pb_text _builder_version=\u00bb4.14.7\u2033 _module_preset=\u00bbc18521aa-0237-403b-811b-ea1ef8de0cc3\u2033 global_colors_info=\u00bb{}\u00bb]<\/p>\n<p>TO BEGIN<\/p>\n<p>[\/et_pb_text][et_pb_text _builder_version=&quot;4.14.7&quot; _module_preset=&quot;a4d9cae4-550f-49ce-9211-bd502666fdb6&quot; global_colors_info=&quot;{}&quot;]Tasting of 3 seasonal appetizers.<span style=\"float: right;\"><strong>20\u20ac<\/strong><\/span><\/p>\n<p>Tasting of bread, oil and butter.<span style=\"float: right;\"><strong>8\u20ac<\/strong><\/span>[\/et_pb_text][et_pb_text _builder_version=\u00bb4.14.7\u2033 _module_preset=\u00bbc18521aa-0237-403b-811b-ea1ef8de0cc3\u2033 global_colors_info=\u00bb{}\u00bb]<\/p>\n<p>SNACK<\/p>\n<p>[\/et_pb_text][et_pb_text _builder_version=\u00bb4.14.7&#8243; _module_preset=\u00bbdefault\u00bb text_font=\u00bbFuturaLight||||||||\u00bb text_line_height=\u00bb18px\u00bb custom_margin=\u00bb||20px||false|false\u00bb hover_enabled=\u00bb0&#8243; global_colors_info=\u00bb{}\u00bb sticky_enabled=\u00bb0&#8243;]Tartar de sepia con guisante ahumado, bisque de sepia y sisho verde.<span style=\"float: right;\"><strong>27\u20ac<\/strong><\/span><\/p>\n<p>Braised white asparagus with Cantonese-style pork jowl, jalape\u00f1o pesto and mace cream.<span style=\"float: right;\"><strong>27\u20ac<\/strong><\/span>[\/et_pb_text][et_pb_text _builder_version=\u201d4.14.1\u2033 _module_preset=\u201ddefault\u201d text_font=\u201dFuturaMedium||||||||\u201d text_line_height=\u201d18px\u201d custom_margin=\u201d||0px||false|false\u201d global_colors_info=\u201d{}\u201d]<\/p>\n<p>FISH<\/p>\n<p>[\/et_pb_text][et_pb_text _builder_version=\u00bb4.14.7&#8243; _module_preset=\u00bbdefault\u00bb text_font=\u00bbFuturaLight||||||||\u00bb text_line_height=\u00bb18px\u00bb custom_margin=\u00bb||20px||false|false\u00bb hover_enabled=\u00bb0&#8243; global_colors_info=\u00bb{}\u00bb sticky_enabled=\u00bb0&#8243;]Lubina salvaje con salsa acidulada de caf\u00e9, emulsi\u00f3n ahumada, esp\u00e1rrago verde y alcachofa en tempura.<span style=\"float: right;\"><strong>30\u20ac<\/strong><\/span><\/p>\n<p>Seared hake with black garlic mousseline, parsnip cream, tempura-fried artichokes and glazed shiitake mushrooms. <span style=\"float: right;\"><strong>29\u20ac<\/strong><\/span>[\/et_pb_text][et_pb_text _builder_version=\u201d4.14.1\u2033 _module_preset=\u201ddefault\u201d text_font=\u201dFuturaMedium||||||||\u201d text_line_height=\u201d18px\u201d custom_margin=\u201d||0px||false|false\u201d global_colors_info=\u201d{}\u201d]<\/p>\n<p>MEATS<\/p>\n<p>[\/et_pb_text][et_pb_text _builder_version=\u00bb4.14.7&#8243; _module_preset=\u00bba4d9cae4-550f-49ce-9211-bd502666fdb6&#8243; hover_enabled=\u00bb0&#8243; global_colors_info=\u00bb{}\u00bb sticky_enabled=\u00bb0&#8243;]Meloso de lechazo con cremoso de pl\u00e1tano quemado, shiitake glaseado y aire de citronela.<span style=\"float: right;\"><strong>30\u20ac<\/strong><\/span><\/p>\n<p>Chicken galantine with creamy celeriac, chicken demi-glace, braised cabbage and confit maitake mushrooms.<span style=\"float: right;\"><strong>29\u20ac<\/strong><\/span>[\/et_pb_text][et_pb_text _builder_version=\u201d4.14.2\u2033 _module_preset=\u201ddefault\u201d text_font=\u201dFuturaMedium||||||||\u201d text_line_height=\u201d18px\u201d custom_margin=\u201d||0px||false|false\u201d global_colors_info=\u201d{}\u201d]<\/p>\n<p>DESSERTS<\/p>\n<p>[\/et_pb_text][et_pb_text _builder_version=\u00bb4.14.7&#8243; _module_preset=\u00bbdefault\u00bb text_font=\u00bbFuturaLight||||||||\u00bb text_line_height=\u00bb18px\u00bb custom_margin=\u00bb||20px||false|false\u00bb hover_enabled=\u00bb0&#8243; global_colors_info=\u00bb{}\u00bb sticky_enabled=\u00bb0&#8243;]Mousse de chocolate con granada fresca, ganache de haba tonka y helado de vainilla bourbon.<span style=\"float: right;\"><strong>14\u20ac<\/strong><\/span><\/p>\n<p>Rhubarb ice cream with cashmir tea flan, hoisin butter and elderflower vinegar.<span style=\"float: right;\"><strong>14\u20ac<\/strong><\/span>[\/et_pb_text][\/et_pb_column][\/et_pb_row][\/et_pb_section]<\/p>","protected":false},"excerpt":{"rendered":"<p>carta\u201c there is no modernitywithout a good tradition \u201dMEN\u00da DEGUSTACI\u00d3NLos productos de temporada est\u00e1n sujetos a cambio seg\u00fan mercado y temporalidad.A petici\u00f3n del comensal se puede adaptar el men\u00fa por alergias, intolerancias o preferencias personales. &nbsp;Pato a la naranja. Caballa marinada con beurre blanc ahumado, mini mazorca braseada y uva de mar. Cremoso de pollo [&hellip;]<\/p>","protected":false},"author":1,"featured_media":0,"parent":0,"menu_order":0,"comment_status":"closed","ping_status":"closed","template":"","meta":{"_et_pb_use_builder":"on","_et_pb_old_content":"","_et_gb_content_width":""},"acf":[],"_links":{"self":[{"href":"https:\/\/prodigi.cat\/en\/wp-json\/wp\/v2\/pages\/36"}],"collection":[{"href":"https:\/\/prodigi.cat\/en\/wp-json\/wp\/v2\/pages"}],"about":[{"href":"https:\/\/prodigi.cat\/en\/wp-json\/wp\/v2\/types\/page"}],"author":[{"embeddable":true,"href":"https:\/\/prodigi.cat\/en\/wp-json\/wp\/v2\/users\/1"}],"replies":[{"embeddable":true,"href":"https:\/\/prodigi.cat\/en\/wp-json\/wp\/v2\/comments?post=36"}],"version-history":[{"count":29,"href":"https:\/\/prodigi.cat\/en\/wp-json\/wp\/v2\/pages\/36\/revisions"}],"predecessor-version":[{"id":6012,"href":"https:\/\/prodigi.cat\/en\/wp-json\/wp\/v2\/pages\/36\/revisions\/6012"}],"wp:attachment":[{"href":"https:\/\/prodigi.cat\/en\/wp-json\/wp\/v2\/media?parent=36"}],"curies":[{"name":"wp","href":"https:\/\/api.w.org\/{rel}","templated":true}]}}